{"id":8,"date":"2021-01-12T15:48:29","date_gmt":"2021-01-12T14:48:29","guid":{"rendered":"https:\/\/charmor.de\/?page_id=8"},"modified":"2023-02-27T14:36:01","modified_gmt":"2023-02-27T13:36:01","slug":"startseite","status":"publish","type":"page","link":"https:\/\/charmor.de\/en\/","title":{"rendered":"Startseite"},"content":{"rendered":"<div class=\"wp-block-cover is-light frontpage-stage\"><span aria-hidden=\"true\" class=\"wp-block-cover__background has-background-dim-0 has-background-dim\"><\/span><img loading=\"lazy\" decoding=\"async\" width=\"7360\" height=\"4912\" class=\"wp-block-cover__image-background wp-image-903\" alt=\"\" src=\"https:\/\/charmor.de\/wp-content\/uploads\/2021\/03\/DSC4500.jpg\" style=\"object-position:51% 56%\" data-object-fit=\"cover\" data-object-position=\"51% 56%\" srcset=\"https:\/\/charmor.de\/wp-content\/uploads\/2021\/03\/DSC4500.jpg 7360w, https:\/\/charmor.de\/wp-content\/uploads\/2021\/03\/DSC4500-300x200.jpg 300w\" sizes=\"auto, (max-width: 7360px) 100vw, 7360px\" \/><div class=\"wp-block-cover__inner-container is-layout-flow wp-block-cover-is-layout-flow\">\n<div class=\"wp-block-group has-white-color has-text-color\"><div class=\"wp-block-group__inner-container is-layout-flow wp-block-group-is-layout-flow\">\n<h1 class=\"has-text-align-center has-black-color has-text-color wp-block-heading\">charmor<sub>\u00ae<\/sub><\/h1>\n\n\n\n<p class=\"has-text-align-center has-black-color has-text-color has-medium-font-size\">&#8211;  since 1938 &#8211;<\/p>\n\n\n\n<div style=\"height:20px\" aria-hidden=\"true\" class=\"wp-block-spacer\"><\/div>\n\n\n\n<p class=\"has-text-align-center has-black-color has-text-color\">nightwear &#8211; loungewear &#8211; homewear<\/p>\n<\/div><\/div>\n<\/div><\/div>\n\n\n\n<div style=\"height:200px\" aria-hidden=\"true\" class=\"wp-block-spacer\"><\/div>\n\n\n\n<div class=\"wp-block-group schmal\"><div class=\"wp-block-group__inner-container is-layout-flow wp-block-group-is-layout-flow\">\n<h2 class=\"has-text-align-center wp-block-heading\">Two labels, one passion<\/h2>\n\n\n\n<div style=\"height:30px\" aria-hidden=\"true\" class=\"wp-block-spacer\"><\/div>\n\n\n\n<p class=\"has-text-align-center\" id=\"schmal\">Moderne Styles und erlesene Materialien in h\u00f6chster Qualit\u00e4t mit exzellenter Verarbeitung zu kreieren, das ist die Passion, welche wir in alle Details unserer Nachtw\u00e4sche- und Homewear Linie einbringen. Ganzgleich ob die feminin-elegante Charmor<sup>\u00ae<\/sup> Linie oder der l\u00e4ssig-legere Puro-Look \u2013 unsere Kollektionen bieten  f\u00fcr jeden Typ einen individuellen Reichtum an Wohlgef\u00fchl und Design. Die Kombinationsvielfalt aus unterschiedlichen Stilrichtungen zeichnet die Charmor\u00ae Kollektion aus. Das Produktspektrum reicht von Nightwear- \u00fcber Lounge- und Homewear bis hin zu Yoga- und Beachwear sowie Accessoires!<\/p>\n<\/div><\/div>\n\n\n\n<div style=\"height:200px\" aria-hidden=\"true\" class=\"wp-block-spacer\"><\/div>\n\n\n\n<div class=\"wp-block-group wrapper-1400 label-container\"><div class=\"wp-block-group__inner-container is-layout-flow wp-block-group-is-layout-flow\">\n<div class=\"wp-block-columns is-layout-flex wp-container-core-columns-is-layout-9d6595d7 wp-block-columns-is-layout-flex\">\n<div class=\"wp-block-column label-col-1 is-layout-flow wp-block-column-is-layout-flow\">\n<figure class=\"wp-block-image size-large label-img is-style-default\"><img loading=\"lazy\" decoding=\"async\" width=\"3080\" height=\"4609\" src=\"https:\/\/charmor.de\/wp-content\/uploads\/2021\/03\/DSC4347-1-edited.jpg\" alt=\"\" class=\"wp-image-1163\" srcset=\"https:\/\/charmor.de\/wp-content\/uploads\/2021\/03\/DSC4347-1-edited.jpg 3080w, https:\/\/charmor.de\/wp-content\/uploads\/2021\/03\/DSC4347-1-edited-200x300.jpg 200w, https:\/\/charmor.de\/wp-content\/uploads\/2021\/03\/DSC4347-1-edited-768x1149.jpg 768w, https:\/\/charmor.de\/wp-content\/uploads\/2021\/03\/DSC4347-1-edited-1026x1536.jpg 1026w, https:\/\/charmor.de\/wp-content\/uploads\/2021\/03\/DSC4347-1-edited-1369x2048.jpg 1369w, https:\/\/charmor.de\/wp-content\/uploads\/2021\/03\/DSC4347-1-edited-8x12.jpg 8w, https:\/\/charmor.de\/wp-content\/uploads\/2021\/03\/DSC4347-1-edited-800x1197.jpg 800w, https:\/\/charmor.de\/wp-content\/uploads\/2021\/03\/DSC4347-1-edited-134x200.jpg 134w\" sizes=\"auto, (max-width: 3080px) 100vw, 3080px\" \/><\/figure>\n<\/div>\n\n\n\n<div class=\"wp-block-column is-vertically-aligned-center label-col-2 is-layout-flow wp-block-column-is-layout-flow\">\n<div class=\"wp-block-group\"><div class=\"wp-block-group__inner-container is-layout-flow wp-block-group-is-layout-flow\">\n<h2 class=\"label-headline-charmor wp-block-heading\">charmor<sub>\u00ae<\/sub><\/h2>\n<\/div><\/div>\n\n\n\n<p>Creating elegant cuts with the finest materials of the highest quality and excellent workmanship is the passion that we bring to every detail of our collections.<\/p>\n\n\n\n<div style=\"height:100px\" aria-hidden=\"true\" class=\"wp-block-spacer\"><\/div>\n\n\n\n<div class=\"wp-block-buttons is-horizontal is-content-justification-center is-layout-flex wp-container-core-buttons-is-layout-499968f5 wp-block-buttons-is-layout-flex\">\n<div class=\"wp-block-button is-style-outline is-style-outline--1\"><a class=\"wp-block-button__link wp-element-button\" href=\"https:\/\/charmor.de\/en\/charmor\/\">More<\/a><\/div>\n<\/div>\n\n\n\n<div style=\"height:151px\" aria-hidden=\"true\" class=\"wp-block-spacer\"><\/div>\n<\/div>\n<\/div>\n<\/div><\/div>\n\n\n\n<div class=\"wp-block-group wrapper-1400\"><div class=\"wp-block-group__inner-container is-layout-flow wp-block-group-is-layout-flow\">\n<div class=\"wp-block-columns is-layout-flex wp-container-core-columns-is-layout-9d6595d7 wp-block-columns-is-layout-flex\">\n<div class=\"wp-block-column is-vertically-aligned-center label-col-4 is-layout-flow wp-block-column-is-layout-flow\">\n<div class=\"wp-block-group\"><div class=\"wp-block-group__inner-container is-layout-flow wp-block-group-is-layout-flow\">\n<h2 class=\"has-text-align-right label-headline-puro wp-block-heading\">Puro<\/h2>\n<\/div><\/div>\n\n\n\n<p class=\"has-text-align-right\">Casual home and loungewear with casual designs, selected materials and the best fits - the pure cuddle experience. <\/p>\n\n\n\n<div style=\"height:100px\" aria-hidden=\"true\" class=\"wp-block-spacer\"><\/div>\n\n\n\n<div class=\"wp-block-buttons is-horizontal is-content-justification-center is-layout-flex wp-container-core-buttons-is-layout-499968f5 wp-block-buttons-is-layout-flex\">\n<div class=\"wp-block-button is-style-outline text-align-right is-style-outline--2\"><a class=\"wp-block-button__link has-text-color wp-element-button\" href=\"https:\/\/charmor.de\/en\/puro\/\" style=\"color:#111111\">More<\/a><\/div>\n<\/div>\n<\/div>\n\n\n\n<div class=\"wp-block-column label-col-3 is-layout-flow wp-block-column-is-layout-flow\">\n<figure class=\"wp-block-image size-large\"><img loading=\"lazy\" decoding=\"async\" width=\"678\" height=\"1024\" src=\"https:\/\/charmor.de\/wp-content\/uploads\/2021\/02\/puro_1_weitn-scaled-1-678x1024.jpg\" alt=\"\" class=\"wp-image-162\" srcset=\"https:\/\/charmor.de\/wp-content\/uploads\/2021\/02\/puro_1_weitn-scaled-1-678x1024.jpg 678w, https:\/\/charmor.de\/wp-content\/uploads\/2021\/02\/puro_1_weitn-scaled-1-199x300.jpg 199w, https:\/\/charmor.de\/wp-content\/uploads\/2021\/02\/puro_1_weitn-scaled-1-768x1159.jpg 768w, https:\/\/charmor.de\/wp-content\/uploads\/2021\/02\/puro_1_weitn-scaled-1-1018x1536.jpg 1018w, https:\/\/charmor.de\/wp-content\/uploads\/2021\/02\/puro_1_weitn-scaled-1-1357x2048.jpg 1357w, https:\/\/charmor.de\/wp-content\/uploads\/2021\/02\/puro_1_weitn-scaled-1-8x12.jpg 8w, https:\/\/charmor.de\/wp-content\/uploads\/2021\/02\/puro_1_weitn-scaled-1-800x1208.jpg 800w, https:\/\/charmor.de\/wp-content\/uploads\/2021\/02\/puro_1_weitn-scaled-1-133x200.jpg 133w, https:\/\/charmor.de\/wp-content\/uploads\/2021\/02\/puro_1_weitn-scaled-1.jpg 1696w\" sizes=\"auto, (max-width: 678px) 100vw, 678px\" \/><\/figure>\n<\/div>\n<\/div>\n\n\n\n<div style=\"height:60px\" aria-hidden=\"true\" class=\"wp-block-spacer\"><\/div>\n<\/div><\/div>\n\n\n\n<h2 class=\"has-text-align-center wp-block-heading\">Current collections<\/h2>\n\n\n\n<div style=\"height:20px\" aria-hidden=\"true\" class=\"wp-block-spacer\"><\/div>\n\n\n\n<hr class=\"wp-block-separator has-css-opacity is-style-wide\"\/>\n\n\n\n<div style=\"height:60px\" aria-hidden=\"true\" class=\"wp-block-spacer\"><\/div>\n\n\n\n<div class=\"wp-block-group schmal\"><div class=\"wp-block-group__inner-container is-layout-flow wp-block-group-is-layout-flow\">\n<p class=\"has-text-align-center\"> Tauchen Sie ein in die facettenreiche Wohlf\u00fchlwelt der Charmor Fashion Group. Elegante Schnitte, l\u00e4ssige Styles, anschmiegsame Nachtw\u00e4sche, kuschelige Homewear und trendige Loungewear warten darauf, von Ihnen getragen zu werden. <\/p>\n<\/div><\/div>\n\n\n\n<div style=\"height:60px\" aria-hidden=\"true\" class=\"wp-block-spacer\"><\/div>\n\n\n\n<div class=\"koll-loop\">\r\n\r\n    <div class=\"koll-slider-container\">\r\n        <div class=\"your-class\">\r\n                        <div class=\"\">\r\n                    <div class=\"insides-img-box\">\r\n                        <img loading=\"lazy\" decoding=\"async\" width=\"267\" height=\"400\" src=\"https:\/\/charmor.de\/wp-content\/uploads\/2021\/03\/DSC4347-1.jpg\" class=\"attachment-kollektionen-slider size-kollektionen-slider wp-post-image\" alt=\"\" srcset=\"https:\/\/charmor.de\/wp-content\/uploads\/2021\/03\/DSC4347-1.jpg 4912w, https:\/\/charmor.de\/wp-content\/uploads\/2021\/03\/DSC4347-1-200x300.jpg 200w\" sizes=\"auto, (max-width: 267px) 100vw, 267px\" \/>                    <\/div>\r\n                    <h3>Fr\u00fchjahr\/ Sommer<\/h3>\r\n                                        <p>Sommer Kollektion<\/p>\r\n                    <a class=\"kollektionen-button\" href=\"https:\/\/charmor.de\/en\/kollektionen\/fruehjahr-sommer-211\/\">More<\/a>\r\n                <\/div>\r\n                \r\n\r\n                            <div class=\"\">\r\n                    <div class=\"insides-img-box\">\r\n                        <img loading=\"lazy\" decoding=\"async\" width=\"400\" height=\"400\" src=\"https:\/\/charmor.de\/wp-content\/uploads\/2021\/01\/charmor_2.jpg1920-400x400.jpg\" class=\"attachment-kollektionen-slider size-kollektionen-slider wp-post-image\" alt=\"\" srcset=\"https:\/\/charmor.de\/wp-content\/uploads\/2021\/01\/charmor_2.jpg1920-400x400.jpg 400w, https:\/\/charmor.de\/wp-content\/uploads\/2021\/01\/charmor_2.jpg1920-150x150.jpg 150w, https:\/\/charmor.de\/wp-content\/uploads\/2021\/01\/charmor_2.jpg1920-1200x1200.jpg 1200w, https:\/\/charmor.de\/wp-content\/uploads\/2021\/01\/charmor_2.jpg1920-330x330.jpg 330w\" sizes=\"auto, (max-width: 400px) 100vw, 400px\" \/>                    <\/div>\r\n                    <h3>Herbst \/ Winter<\/h3>\r\n                                        <p>The colors are becoming more harmonious and modern than in previous seasons... Let yourself be inspired by the new Charmor autumn \/ winter collection!<\/p>\r\n                    <a class=\"kollektionen-button\" href=\"https:\/\/charmor.de\/en\/kollektionen\/herbst-winter-202\/\">More<\/a>\r\n                <\/div>\r\n                \r\n\r\n                    <\/div>\r\n    <\/div>\r\n    \r\n<\/div>\n\n\n\n<div style=\"height:100px\" aria-hidden=\"true\" class=\"wp-block-spacer\"><\/div>\n\n\n\n<h2 class=\"has-text-align-center wp-block-heading\">Insides<\/h2>\n\n\n\n<div style=\"height:20px\" aria-hidden=\"true\" class=\"wp-block-spacer\"><\/div>\n\n\n\n<hr class=\"wp-block-separator has-css-opacity is-style-wide\"\/>\n\n\n\n<div style=\"height:60px\" aria-hidden=\"true\" class=\"wp-block-spacer\"><\/div>\n\n\n\n<div class=\"wrapper-1400\">\r\n    <div class=\"fp-insides-container\">\r\n             \r\n                <div class=\"insides-box\">\r\n                    <div class=\"insides-img-box\">\r\n                        <img loading=\"lazy\" decoding=\"async\" width=\"330\" height=\"330\" src=\"https:\/\/charmor.de\/wp-content\/uploads\/2021\/02\/mamann-330x330.jpg\" class=\"attachment-insides-square size-insides-square wp-post-image\" alt=\"\" srcset=\"https:\/\/charmor.de\/wp-content\/uploads\/2021\/02\/mamann-330x330.jpg 330w, https:\/\/charmor.de\/wp-content\/uploads\/2021\/02\/mamann-150x150.jpg 150w, https:\/\/charmor.de\/wp-content\/uploads\/2021\/02\/mamann-400x400.jpg 400w\" sizes=\"auto, (max-width: 330px) 100vw, 330px\" \/>                    <\/div>\r\n                    <div class=\"insides-content\">\r\n                        <h3>Well-founded product competence<\/h3>\r\n                                                <p>Unsere Kernkompetenz liegt im Bereich Bekleidung.\r\nStetig wachsendes Know-How, langj\u00e4hrige Erfahrung und bew\u00e4hrtes Wissen bei der Auswahl der Stofflieferanten und dem Fertigungsstandort, versetzen uns in die Lage ein gutes Produkt zu entwickeln...<\/p>\r\n                    <\/div>\r\n                <\/div>\r\n     \r\n     \r\n     \r\n     \r\n                     \r\n                 \r\n                <div class=\"insides-box\">\r\n                    <div class=\"insides-img-box\">\r\n                        <img loading=\"lazy\" decoding=\"async\" width=\"330\" height=\"330\" src=\"https:\/\/charmor.de\/wp-content\/uploads\/2021\/02\/fairness-330x330.jpg\" class=\"attachment-insides-square size-insides-square wp-post-image\" alt=\"\" srcset=\"https:\/\/charmor.de\/wp-content\/uploads\/2021\/02\/fairness-330x330.jpg 330w, https:\/\/charmor.de\/wp-content\/uploads\/2021\/02\/fairness-150x150.jpg 150w, https:\/\/charmor.de\/wp-content\/uploads\/2021\/02\/fairness-400x400.jpg 400w\" sizes=\"auto, (max-width: 330px) 100vw, 330px\" \/>                    <\/div>\r\n                    <div class=\"insides-content\">\r\n                        <h3>Fairness &amp; highest quality...<\/h3>\r\n                                                <p>Quality also means responsibility. That is why Charmor relies on fair production conditions...<\/p>\r\n                    <\/div>\r\n                <\/div>\r\n     \r\n     \r\n     \r\n     \r\n                     \r\n                 \r\n                <div class=\"insides-box\">\r\n                    <div class=\"insides-img-box\">\r\n                        <img loading=\"lazy\" decoding=\"async\" width=\"330\" height=\"330\" src=\"https:\/\/charmor.de\/wp-content\/uploads\/2021\/02\/modedesign-330x330.jpg\" class=\"attachment-insides-square size-insides-square wp-post-image\" alt=\"\" srcset=\"https:\/\/charmor.de\/wp-content\/uploads\/2021\/02\/modedesign-330x330.jpg 330w, https:\/\/charmor.de\/wp-content\/uploads\/2021\/02\/modedesign-150x150.jpg 150w, https:\/\/charmor.de\/wp-content\/uploads\/2021\/02\/modedesign-400x400.jpg 400w\" sizes=\"auto, (max-width: 330px) 100vw, 330px\" \/>                    <\/div>\r\n                    <div class=\"insides-content\">\r\n                        <h3>Design from the company<\/h3>\r\n                                                <p>Based on the long tradition of the Charmor company, it goes without saying that we design all of the collection items ourselves...<\/p>\r\n                    <\/div>\r\n                <\/div>\r\n     \r\n     \r\n     \r\n     \r\n                     \r\n                 \r\n                <div class=\"insides-box\">\r\n                    <div class=\"insides-img-box\">\r\n                        <img loading=\"lazy\" decoding=\"async\" width=\"330\" height=\"330\" src=\"https:\/\/charmor.de\/wp-content\/uploads\/2021\/02\/ch_zeichen-330x330.jpg\" class=\"attachment-insides-square size-insides-square wp-post-image\" alt=\"\" srcset=\"https:\/\/charmor.de\/wp-content\/uploads\/2021\/02\/ch_zeichen-330x330.jpg 330w, https:\/\/charmor.de\/wp-content\/uploads\/2021\/02\/ch_zeichen-300x300.jpg 300w, https:\/\/charmor.de\/wp-content\/uploads\/2021\/02\/ch_zeichen-150x150.jpg 150w, https:\/\/charmor.de\/wp-content\/uploads\/2021\/02\/ch_zeichen-768x768.jpg 768w, https:\/\/charmor.de\/wp-content\/uploads\/2021\/02\/ch_zeichen-12x12.jpg 12w, https:\/\/charmor.de\/wp-content\/uploads\/2021\/02\/ch_zeichen-1200x1200.jpg 1200w, https:\/\/charmor.de\/wp-content\/uploads\/2021\/02\/ch_zeichen-800x800.jpg 800w, https:\/\/charmor.de\/wp-content\/uploads\/2021\/02\/ch_zeichen-200x200.jpg 200w, https:\/\/charmor.de\/wp-content\/uploads\/2021\/02\/ch_zeichen-400x400.jpg 400w, https:\/\/charmor.de\/wp-content\/uploads\/2021\/02\/ch_zeichen-1024x1024.jpg 1024w, https:\/\/charmor.de\/wp-content\/uploads\/2021\/02\/ch_zeichen.jpg 1299w\" sizes=\"auto, (max-width: 330px) 100vw, 330px\" \/>                    <\/div>\r\n                    <div class=\"insides-content\">\r\n                        <h3>Tradition<\/h3>\r\n                                                <p>Since 1938, Charmor has been designing women's nightwear and homewear to make you feel good - Fashion for the home that adds elegance to even comfortable moments ...<\/p>\r\n                    <\/div>\r\n                <\/div>\r\n     \r\n     \r\n     \r\n     \r\n                     \r\n                <\/div>\r\n<\/div>\r\n\r\n\r\n\n\n\n\n<div style=\"height:100px\" aria-hidden=\"true\" class=\"wp-block-spacer\"><\/div>\n\n\n\n<div class=\"wp-block-buttons wrapper-1400 centered is-horizontal is-content-justification-center is-layout-flex wp-container-core-buttons-is-layout-499968f5 wp-block-buttons-is-layout-flex\">\n<div class=\"wp-block-button is-style-outline centered is-style-outline--3\"><a class=\"wp-block-button__link wp-element-button\" href=\"https:\/\/charmor.de\/en\/insides-2\/\">See all Insides<\/a><\/div>\n<\/div>\n\n\n\n<div style=\"height:100px\" aria-hidden=\"true\" class=\"wp-block-spacer\"><\/div>\n\n\n\n<div class=\"wp-block-group\"><div class=\"wp-block-group__inner-container is-layout-flow wp-block-group-is-layout-flow\">\n<div style=\"height:30px\" aria-hidden=\"true\" class=\"wp-block-spacer\"><\/div>\n\n\n\n<h2 class=\"has-text-align-center wp-block-heading\">Contact form<\/h2>\n\n\n\n<div style=\"height:20px\" aria-hidden=\"true\" class=\"wp-block-spacer\"><\/div>\n\n\n\n<hr class=\"wp-block-separator has-css-opacity is-style-wide\"\/>\n<\/div><\/div>\n\n\n\n<div style=\"height:100px\" aria-hidden=\"true\" class=\"wp-block-spacer\"><\/div>\n\n\n\n<div class=\"wp-block-group wrapper-800\"><div class=\"wp-block-group__inner-container is-layout-flow wp-block-group-is-layout-flow\">\n<div class=\"wp-block-contact-form-7-contact-form-selector\">\n<div class=\"wpcf7 no-js\" id=\"wpcf7-f44-o1\" lang=\"de-DE\" dir=\"ltr\">\n<div class=\"screen-reader-response\"><p role=\"status\" aria-live=\"polite\" aria-atomic=\"true\"><\/p> <ul><\/ul><\/div>\n<form action=\"\/en\/wp-json\/wp\/v2\/pages\/8#wpcf7-f44-o1\" method=\"post\" class=\"wpcf7-form init\" aria-label=\"Contact form\" novalidate=\"novalidate\" data-status=\"init\" data-trp-original-action=\"\/en\/wp-json\/wp\/v2\/pages\/8#wpcf7-f44-o1\">\n<div style=\"display: none;\">\n<input type=\"hidden\" name=\"_wpcf7\" value=\"44\" \/>\n<input type=\"hidden\" name=\"_wpcf7_version\" value=\"5.7.4\" \/>\n<input type=\"hidden\" name=\"_wpcf7_locale\" value=\"de_DE\" \/>\n<input type=\"hidden\" name=\"_wpcf7_unit_tag\" value=\"wpcf7-f44-o1\" \/>\n<input type=\"hidden\" name=\"_wpcf7_container_post\" value=\"0\" \/>\n<input type=\"hidden\" name=\"_wpcf7_posted_data_hash\" value=\"\" \/>\n<input type=\"hidden\" name=\"_wpcf7_recaptcha_response\" value=\"\" \/>\n<\/div>\n<p><label> Surname*<br \/>\n<span class=\"wpcf7-form-control-wrap\" data-name=\"your-name\"><input size=\"40\" class=\"wpcf7-form-control wpcf7-text wpcf7-validates-as-required\" aria-required=\"true\" aria-invalid=\"false\" value=\"\" type=\"text\" name=\"your-name\" \/><\/span> <\/label>\n<\/p>\n<p><label> Company*<br \/>\n<span class=\"wpcf7-form-control-wrap\" data-name=\"your-company\"><input size=\"40\" class=\"wpcf7-form-control wpcf7-text\" aria-invalid=\"false\" value=\"\" type=\"text\" name=\"your-company\" \/><\/span> <\/label>\n<\/p>\n<p><label> E-Mail*<br \/>\n<span class=\"wpcf7-form-control-wrap\" data-name=\"your-email\"><input size=\"40\" class=\"wpcf7-form-control wpcf7-text wpcf7-email wpcf7-validates-as-required wpcf7-validates-as-email\" aria-required=\"true\" aria-invalid=\"false\" value=\"\" type=\"email\" name=\"your-email\" \/><\/span> <\/label>\n<\/p>\n<p><label> Phone number<br \/>\n<span class=\"wpcf7-form-control-wrap\" data-name=\"tel-443\"><input size=\"40\" class=\"wpcf7-form-control wpcf7-text wpcf7-tel wpcf7-validates-as-tel\" aria-invalid=\"false\" value=\"\" type=\"tel\" name=\"tel-443\" \/><\/span> <\/label>\n<\/p>\n<p><label> Message*<br \/>\n<span class=\"wpcf7-form-control-wrap\" data-name=\"your-message\"><textarea cols=\"40\" rows=\"10\" class=\"wpcf7-form-control wpcf7-textarea wpcf7-validates-as-required\" aria-required=\"true\" aria-invalid=\"false\" name=\"your-message\"><\/textarea><\/span> <\/label>\n<\/p>\n<p><label> How would you like to be contacted?*<\/label><br \/>\n<span class=\"wpcf7-form-control-wrap\" data-name=\"checkbox-575\"><span class=\"wpcf7-form-control wpcf7-checkbox wpcf7-validates-as-required\"><span class=\"wpcf7-list-item first\"><input type=\"checkbox\" name=\"checkbox-575[]\" value=\"per Telefon\" \/><span class=\"wpcf7-list-item-label\">via phone<\/span><\/span><span class=\"wpcf7-list-item last\"><input type=\"checkbox\" name=\"checkbox-575[]\" value=\"per E-Mail\" \/><span class=\"wpcf7-list-item-label\">via E-Mail<\/span><\/span><\/span><\/span>\n<\/p>\n<p><span class=\"wpcf7-form-control-wrap\" data-name=\"acceptance-66\"><span class=\"wpcf7-form-control wpcf7-acceptance\"><span class=\"wpcf7-list-item\"><label><input type=\"checkbox\" name=\"acceptance-66\" value=\"1\" aria-invalid=\"false\" \/><span class=\"wpcf7-list-item-label\">I have the <a href=\"https:\/\/charmor.de\/en\/impressum-datenschutz\/\">Data protection<\/a> noted. I agree that my details and data will be electronically collected and stored to answer my request. Note: You can revoke your consent at any time for the future by e-mail to kontakt@charmor.de.<\/span><\/label><\/span><\/span><\/span>\n<\/p>\n<span class=\"wpcf7-form-control-wrap recaptcha\" data-name=\"recaptcha\"><span data-sitekey=\"6LdsrfgdAAAAAFbfK9D729OKP61PBV5BWuofIwZV\" class=\"wpcf7-form-control g-recaptcha wpcf7-recaptcha\"><\/span>\r\n<noscript>\r\n\t<div class=\"grecaptcha-noscript\">\r\n\t\t<iframe loading=\"lazy\" src=\"https:\/\/www.google.com\/recaptcha\/api\/fallback?k=6LdsrfgdAAAAAFbfK9D729OKP61PBV5BWuofIwZV\" frameborder=\"0\" scrolling=\"no\" width=\"310\" height=\"430\">\r\n\t\t<\/iframe>\r\n\t\t<textarea name=\"g-recaptcha-response\" rows=\"3\" cols=\"40\" placeholder=\"reCaptcha Response Here\">\r\n\t\t<\/textarea>\r\n\t<\/div>\r\n<\/noscript>\r\n<\/span>\n<p><input class=\"wpcf7-form-control has-spinner wpcf7-submit\" type=\"submit\" value=\"Send\" \/>\n<\/p><div class=\"wpcf7-response-output\" aria-hidden=\"true\"><\/div>\n<input type=\"hidden\" name=\"trp-form-language\" value=\"en\"\/><\/form>\n<\/div>\n<\/div>\n<\/div><\/div>\n\n\n\n<p><\/p>\n\n\n<div class=\"wp-block-image\">\n<figure class=\"aligncenter size-medium is-resized\" id=\"charmorlogoalt\"><img loading=\"lazy\" decoding=\"async\" src=\"https:\/\/charmor.de\/wp-content\/uploads\/2022\/11\/Charmor-alt-300x92.jpg\" alt=\"\" class=\"wp-image-1296\" width=\"150\" height=\"46\" title=\"Charmor Logo Alt\" srcset=\"https:\/\/charmor.de\/wp-content\/uploads\/2022\/11\/Charmor-alt-300x92.jpg 300w, https:\/\/charmor.de\/wp-content\/uploads\/2022\/11\/Charmor-alt-768x235.jpg 768w, https:\/\/charmor.de\/wp-content\/uploads\/2022\/11\/Charmor-alt-18x6.jpg 18w, https:\/\/charmor.de\/wp-content\/uploads\/2022\/11\/Charmor-alt-800x245.jpg 800w, https:\/\/charmor.de\/wp-content\/uploads\/2022\/11\/Charmor-alt-200x61.jpg 200w, https:\/\/charmor.de\/wp-content\/uploads\/2022\/11\/Charmor-alt.jpg 1027w\" sizes=\"auto, (max-width: 150px) 100vw, 150px\" \/><\/figure>\n<\/div>","protected":false},"excerpt":{"rendered":"<p>Zwei Marken, eine Leidenschaft Moderne Styles und erlesene Materialien in h\u00f6chster Qualit\u00e4t mit exzellenter Verarbeitung zu kreieren, das ist die Passion, welche wir in alle Details unserer Nachtw\u00e4sche- und Homewear Linie einbringen. Ganzgleich ob die feminin-elegante Charmor\u00ae Linie oder der l\u00e4ssig-legere Puro-Look \u2013 unsere Kollektionen bieten f\u00fcr jeden Typ einen individuellen Reichtum an Wohlgef\u00fchl und [&hellip;]<\/p>","protected":false},"author":1,"featured_media":1162,"parent":0,"menu_order":0,"comment_status":"closed","ping_status":"closed","template":"","meta":{"pgc_sgb_lightbox_settings":"","footnotes":""},"class_list":["post-8","page","type-page","status-publish","has-post-thumbnail","hentry"],"_links":{"self":[{"href":"https:\/\/charmor.de\/en\/wp-json\/wp\/v2\/pages\/8","targetHints":{"allow":["GET"]}}],"collection":[{"href":"https:\/\/charmor.de\/en\/wp-json\/wp\/v2\/pages"}],"about":[{"href":"https:\/\/charmor.de\/en\/wp-json\/wp\/v2\/types\/page"}],"author":[{"embeddable":true,"href":"https:\/\/charmor.de\/en\/wp-json\/wp\/v2\/users\/1"}],"replies":[{"embeddable":true,"href":"https:\/\/charmor.de\/en\/wp-json\/wp\/v2\/comments?post=8"}],"version-history":[{"count":72,"href":"https:\/\/charmor.de\/en\/wp-json\/wp\/v2\/pages\/8\/revisions"}],"predecessor-version":[{"id":1304,"href":"https:\/\/charmor.de\/en\/wp-json\/wp\/v2\/pages\/8\/revisions\/1304"}],"wp:featuredmedia":[{"embeddable":true,"href":"https:\/\/charmor.de\/en\/wp-json\/wp\/v2\/media\/1162"}],"wp:attachment":[{"href":"https:\/\/charmor.de\/en\/wp-json\/wp\/v2\/media?parent=8"}],"curies":[{"name":"wp","href":"https:\/\/api.w.org\/{rel}","templated":true}]}}