{"id":192,"date":"2021-02-02T10:18:50","date_gmt":"2021-02-02T09:18:50","guid":{"rendered":"https:\/\/charmor.de\/?page_id=192"},"modified":"2022-11-22T12:20:20","modified_gmt":"2022-11-22T11:20:20","slug":"impressum","status":"publish","type":"page","link":"https:\/\/charmor.de\/en\/impressum\/","title":{"rendered":"Imprint"},"content":{"rendered":"<div class=\"wp-block-cover\"><span aria-hidden=\"true\" class=\"wp-block-cover__background has-black-background-color has-background-dim-10 has-background-dim\"><\/span><img loading=\"lazy\" decoding=\"async\" width=\"1024\" height=\"168\" class=\"wp-block-cover__image-background wp-image-196\" alt=\"\" src=\"https:\/\/charmor.de\/wp-content\/uploads\/2021\/02\/braun-e1601564981722-1024x168-1.jpg\" data-object-fit=\"cover\" srcset=\"https:\/\/charmor.de\/wp-content\/uploads\/2021\/02\/braun-e1601564981722-1024x168-1.jpg 1024w, https:\/\/charmor.de\/wp-content\/uploads\/2021\/02\/braun-e1601564981722-1024x168-1-300x49.jpg 300w, https:\/\/charmor.de\/wp-content\/uploads\/2021\/02\/braun-e1601564981722-1024x168-1-768x126.jpg 768w, https:\/\/charmor.de\/wp-content\/uploads\/2021\/02\/braun-e1601564981722-1024x168-1-16x3.jpg 16w, https:\/\/charmor.de\/wp-content\/uploads\/2021\/02\/braun-e1601564981722-1024x168-1-800x131.jpg 800w, https:\/\/charmor.de\/wp-content\/uploads\/2021\/02\/braun-e1601564981722-1024x168-1-200x33.jpg 200w\" sizes=\"auto, (max-width: 1024px) 100vw, 1024px\" \/><div class=\"wp-block-cover__inner-container is-layout-flow wp-block-cover-is-layout-flow\">\n<p class=\"has-text-align-center has-large-font-size\"><strong>Imprint<\/strong><\/p>\n<\/div><\/div>\n\n\n\n<div style=\"height:100px\" aria-hidden=\"true\" class=\"wp-block-spacer\"><\/div>\n\n\n<div class=\"wp-block-image\">\n<figure class=\"aligncenter size-full is-resized\"><img loading=\"lazy\" decoding=\"async\" src=\"https:\/\/charmor.de\/wp-content\/uploads\/2022\/11\/Charmor-alt.jpg\" alt=\"\" class=\"wp-image-1296\" width=\"514\" height=\"157\" srcset=\"https:\/\/charmor.de\/wp-content\/uploads\/2022\/11\/Charmor-alt.jpg 1027w, https:\/\/charmor.de\/wp-content\/uploads\/2022\/11\/Charmor-alt-300x92.jpg 300w, https:\/\/charmor.de\/wp-content\/uploads\/2022\/11\/Charmor-alt-768x235.jpg 768w, https:\/\/charmor.de\/wp-content\/uploads\/2022\/11\/Charmor-alt-18x6.jpg 18w, https:\/\/charmor.de\/wp-content\/uploads\/2022\/11\/Charmor-alt-800x245.jpg 800w, https:\/\/charmor.de\/wp-content\/uploads\/2022\/11\/Charmor-alt-200x61.jpg 200w\" sizes=\"auto, (max-width: 514px) 100vw, 514px\" \/><\/figure>\n<\/div>\n\n\n<div style=\"height:100px\" aria-hidden=\"true\" class=\"wp-block-spacer\"><\/div>\n\n\n\n<div id=\"schmal\" class=\"wp-block-group\"><div class=\"wp-block-group__inner-container is-layout-flow wp-block-group-is-layout-flow\">\n<div class=\"wp-block-group wrapper-800\"><div class=\"wp-block-group__inner-container is-layout-flow wp-block-group-is-layout-flow\">\n<div class=\"wp-block-group\"><div class=\"wp-block-group__inner-container is-layout-flow wp-block-group-is-layout-flow\">\n<h1 class=\"wp-block-heading\" style=\"font-size:68px\">Imprint<\/h1>\n\n\n\n<div style=\"height:20px\" aria-hidden=\"true\" class=\"wp-block-spacer\"><\/div>\n\n\n\n<h2 class=\"wp-block-heading\">Unternehmen<\/h2>\n\n\n\n<div style=\"height:20px\" aria-hidden=\"true\" class=\"wp-block-spacer\"><\/div>\n\n\n\n<p><strong>J\u00fcrgen Feuchter Protection-Wear GmbH &#038; Co KG <\/strong><\/p>\n\n\n\n<p>Dorfplatz 13<br>D-94089 Altreichenau<\/p>\n\n\n\n<div style=\"height:20px\" aria-hidden=\"true\" class=\"wp-block-spacer\"><\/div>\n\n\n\n<h3 class=\"wp-block-heading\">Contact<\/h3>\n\n\n\n<p>Telefon: 08583 \/ 979890<br>Telefax: 08583 \/ 979890-13<br>E-Mail: kontakt@charmor.de<\/p>\n\n\n\n<div style=\"height:20px\" aria-hidden=\"true\" class=\"wp-block-spacer\"><\/div>\n<\/div><\/div>\n\n\n\n<h3 class=\"wp-block-heading\">Gesch\u00e4ftsf\u00fchrung<\/h3>\n\n\n\n<p>J\u00fcrgen Feuchter &#8211; Bekleidungstechniker<\/p>\n\n\n\n<div style=\"height:20px\" aria-hidden=\"true\" class=\"wp-block-spacer\"><\/div>\n\n\n\n<h3 class=\"wp-block-heading\">Registereintrag<\/h3>\n\n\n\n<p>Eintragung im Handelsregister.<br>Registergericht: Passau<br>Registernummer: HRB 8206<\/p>\n\n\n\n<div style=\"height:20px\" aria-hidden=\"true\" class=\"wp-block-spacer\"><\/div>\n\n\n\n<p>Gr\u00fcndung: 2001 <\/p>\n\n\n\n<div style=\"height:20px\" aria-hidden=\"true\" class=\"wp-block-spacer\"><\/div>\n\n\n\n<h3 class=\"wp-block-heading\">Zust\u00e4ndige IHK<\/h3>\n\n\n\n<p>Industrie- und Handelskammer f\u00fcr Niederbayern in Passau<\/p>\n\n\n\n<div style=\"height:20px\" aria-hidden=\"true\" class=\"wp-block-spacer\"><\/div>\n\n\n\n<h3 class=\"wp-block-heading\">Umsatzsteuer<\/h3>\n\n\n\n<p>Umsatzsteuer-Identifikationsnummer gem\u00e4\u00df \u00a727 a Umsatzsteuergesetz:<br>DE813182862<\/p>\n\n\n\n<div style=\"height:20px\" aria-hidden=\"true\" class=\"wp-block-spacer\"><\/div>\n\n\n\n<h3 class=\"wp-block-heading\">Gesch\u00e4ftszeiten<\/h3>\n\n\n\n<p>Mo.-Fr.: 9:00 h &#8211; 18:00 h<br><\/p>\n\n\n\n<div style=\"height:20px\" aria-hidden=\"true\" class=\"wp-block-spacer\"><\/div>\n\n\n\n<h3 class=\"wp-block-heading\">Inhaltlich Verantwortlicher gem\u00e4\u00df  \u00a7 6 MDStV<\/h3>\n\n\n\n<p>J\u00fcrgen Feuchter<\/p>\n\n\n\n<div style=\"height:20px\" aria-hidden=\"true\" class=\"wp-block-spacer\"><\/div>\n\n\n\n<h2 class=\"wp-block-heading\">Informationen nach dem Verbraucherstreitbeilegungsgesetz<\/h2>\n\n\n\n<div style=\"height:20px\" aria-hidden=\"true\" class=\"wp-block-spacer\"><\/div>\n\n\n\n<p>Zust\u00e4ndige Verbraucherschlichtungsstelle nach dem Verbraucherstreitbeilegungsgesetz ist die allgemeine Verbraucherschlichtungsstelle des Zentrums f\u00fcr Schlichtung e.V., Stra\u00dfburger Stra\u00dfe 8, 77694 Kehl am Rhein, <a href=\"https:\/\/www.verbraucher-schlichter.de\/herzlich-willkommen-bei-der-allgemeinen-verbraucherschlichtungsstelle-%E2%80%93-ihrer-schlichtungsstelle-fuer-verbraucherstreitigkeiten\" target=\"_blank\" rel=\"noreferrer noopener\">www.verbraucher-schlichter.de<\/a>.<\/p>\n\n\n\n<div style=\"height:20px\" aria-hidden=\"true\" class=\"wp-block-spacer\"><\/div>\n\n\n\n<p>Wir, die J\u00fcrgen Feuchter Protection-Wear GmbH &#038; Co KG, nehmen nicht an Streitbeilegungsverfahren vor einer Verbraucherschlichtungsstelle teil, insbesondere nicht vor der Allgemeinen Verbraucherschlichtungsstelle des Zentrums f\u00fcr Schlichtung e.V.<\/p>\n\n\n\n<div style=\"height:20px\" aria-hidden=\"true\" class=\"wp-block-spacer\"><\/div>\n\n\n\n<h3 class=\"wp-block-heading\">Markenrecht<\/h3>\n\n\n\n<p><strong>CHARMOR (\u00ae) ist eine eingetragene Marke der J\u00fcrgen Feuchter Protection-Wear GmbH &#038; Co KG in Altreichenau<\/strong><\/p>\n\n\n\n<div style=\"height:20px\" aria-hidden=\"true\" class=\"wp-block-spacer\"><\/div>\n\n\n\n<p>Jede andere aufgef\u00fchrte Marke ist Eigentum des jeweiligen Markeninhabers<\/p>\n\n\n\n<div style=\"height:20px\" aria-hidden=\"true\" class=\"wp-block-spacer\"><\/div>\n\n\n\n<h3 class=\"wp-block-heading\">G\u00fcltigkeit<\/h3>\n\n\n\n<p>Dieses Impressum gilt f\u00fcr die Firma J\u00fcrgen Feuchter Protection-Wear GmbH &#038; Co KG <\/p>\n\n\n\n<div style=\"height:20px\" aria-hidden=\"true\" class=\"wp-block-spacer\"><\/div>\n\n\n\n<h3 class=\"wp-block-heading\">Haftung f\u00fcr Inhalte<\/h3>\n\n\n\n<p>Als Diensteanbieter sind wir gem\u00e4\u00df \u00a7 7 Abs.1 TMG f\u00fcr eigene Inhalte auf diesen Seiten nach den allgemeinen Gesetzen verantwortlich. Nach \u00a7\u00a7 8 bis 10 TMG sind wir als Diensteanbieter jedoch nicht verpflichtet, \u00fcbermittelte oder gespeicherte fremde Informationen zu \u00fcberwachen oder nach Umst\u00e4nden zu forschen, die auf eine rechtswidrige T\u00e4tigkeit hinweisen.<\/p>\n\n\n\n<div style=\"height:20px\" aria-hidden=\"true\" class=\"wp-block-spacer\"><\/div>\n\n\n\n<p>Verpflichtungen zur Entfernung oder Sperrung der Nutzung von Informationen nach den allgemeinen Gesetzen bleiben hiervon unber\u00fchrt. Eine diesbez\u00fcgliche Haftung ist jedoch erst ab dem Zeitpunkt der Kenntnis einer konkreten Rechtsverletzung m\u00f6glich. Bei Bekanntwerden von entsprechenden Rechtsverletzungen werden wir diese Inhalte umgehend entfernen.<\/p>\n\n\n\n<div style=\"height:20px\" aria-hidden=\"true\" class=\"wp-block-spacer\"><\/div>\n\n\n\n<h3 class=\"wp-block-heading\">Haftung f\u00fcr Links<\/h3>\n\n\n\n<p>Unser Angebot enth\u00e4lt eventuell Links zu externen Websites Dritter, auf deren Inhalte wir keinen Einfluss haben. Deshalb k\u00f6nnen wir f\u00fcr diese fremden Inhalte auch keine Gew\u00e4hr \u00fcbernehmen. F\u00fcr die Inhalte der verlinkten Seiten ist stets der jeweilige Anbieter oder Betreiber der Seiten verantwortlich. Die verlinkten Seiten wurden zum Zeitpunkt der Verlinkung auf m\u00f6gliche Rechtsverst\u00f6\u00dfe \u00fcberpr\u00fcft. Rechtswidrige Inhalte waren zum Zeitpunkt der Verlinkung nicht erkennbar.<\/p>\n\n\n\n<div style=\"height:20px\" aria-hidden=\"true\" class=\"wp-block-spacer\"><\/div>\n\n\n\n<p>Eine permanente inhaltliche Kontrolle der verlinkten Seiten ist jedoch ohne konkrete Anhaltspunkte einer Rechtsverletzung nicht zumutbar. Bei Bekanntwerden von Rechtsverletzungen werden wir derartige Links umgehend entfernen.<\/p>\n\n\n\n<div style=\"height:20px\" aria-hidden=\"true\" class=\"wp-block-spacer\"><\/div>\n\n\n\n<h3 class=\"wp-block-heading\">Urheberrecht<\/h3>\n\n\n\n<p>Die durch die J\u00fcrgen Feuchter Protection-Wear GmbH &#038; Co KG erstellten Inhalte und Werke auf diesen Seiten unterliegen dem deutschen Urheberrecht. Die Vervielf\u00e4ltigung, Bearbeitung, Verbreitung und jede Art der Verwertung au\u00dferhalb der Grenzen des Urheberrechtes bed\u00fcrfen der schriftlichen Zustimmung von der J\u00fcrgen Feuchter Protection-Wear GmbH &#038; Co KG. Downloads und Kopien dieser Seite sind nur f\u00fcr den privaten, nicht kommerziellen Gebrauch gestattet und d\u00fcrfen ohne schriftliche Genehmigung von J\u00fcrgen Feuchter Protection-Wear GmbH &#038; Co KG weder weitergegeben, noch ver\u00f6ffentlicht werden.<\/p>\n\n\n\n<div style=\"height:20px\" aria-hidden=\"true\" class=\"wp-block-spacer\"><\/div>\n\n\n\n<p>Soweit die Inhalte auf dieser Seite nicht von J\u00fcrgen Feuchter Protection-Wear GmbH &#038; Co KG erstellt wurden, werden die Urheberrechte Dritter beachtet. Insbesondere werden Inhalte Dritter als solche gekennzeichnet. Sollten Sie trotzdem auf eine Urheberrechtsverletzung aufmerksam werden, bitten wir um einen entsprechenden Hinweis (siehe Schutzrechtsverletzung). Bei Bekanntwerden von Rechtsverletzungen werden wir derartige Inhalte umgehend entfernen.<\/p>\n\n\n\n<div style=\"height:20px\" aria-hidden=\"true\" class=\"wp-block-spacer\"><\/div>\n\n\n\n<h3 class=\"wp-block-heading\">Schutzrechtsverletzung<\/h3>\n\n\n\n<p>Falls Sie vermuten, dass von dieser Website aus eines Ihrer Schutzrechte verletzt wird, teilen Sie das bitte umgehend per elektronischer Post mit, damit z\u00fcgig Abhilfe geschafft werden kann.<br>Bitte nehmen Sie zur Kenntnis:<br>Die zeitaufw\u00e4ndigere Einschaltung eines Anwaltes zur, f\u00fcr den Diensteanbieter kostenpflichtigen Abmahnung, entspricht nicht dessen wirklichen oder mutma\u00dflichen Willen.<\/p>\n\n\n\n<div style=\"height:20px\" aria-hidden=\"true\" class=\"wp-block-spacer\"><\/div>\n\n\n\n<h3 class=\"wp-block-heading\">Programmierung und Bereitstellung<\/h3>\n\n\n\n<p>Programierung: Roman Breitfeld  &#8211; https:\/\/www.jomaroto.de\/<\/p>\n\n\n\n<div style=\"height:20px\" aria-hidden=\"true\" class=\"wp-block-spacer\"><\/div>\n\n\n\n<p>Bereitstellung der Domain und der Seiten: J\u00fcrgen Feuchter &#8211; Altreichenau<\/p>\n\n\n\n<div style=\"height:80px\" aria-hidden=\"true\" class=\"wp-block-spacer\"><\/div>\n<\/div><\/div>\n<\/div><\/div>","protected":false},"excerpt":{"rendered":"<p>Impressum Unternehmen J\u00fcrgen Feuchter Protection-Wear GmbH &#038; Co KG Dorfplatz 13D-94089 Altreichenau Kontakt Telefon: 08583 \/ 979890Telefax: 08583 \/ 979890-13E-Mail: kontakt@charmor.de Gesch\u00e4ftsf\u00fchrung J\u00fcrgen Feuchter &#8211; Bekleidungstechniker Registereintrag Eintragung im Handelsregister.Registergericht: PassauRegisternummer: HRB 8206 Gr\u00fcndung: 2001 Zust\u00e4ndige IHK Industrie- und Handelskammer f\u00fcr Niederbayern in Passau Umsatzsteuer Umsatzsteuer-Identifikationsnummer gem\u00e4\u00df \u00a727 a Umsatzsteuergesetz:DE813182862 Gesch\u00e4ftszeiten Mo.-Fr.: 9:00 h &#8211; [&hellip;]<\/p>","protected":false},"author":3,"featured_media":0,"parent":0,"menu_order":0,"comment_status":"closed","ping_status":"closed","template":"","meta":{"pgc_sgb_lightbox_settings":"","footnotes":""},"class_list":["post-192","page","type-page","status-publish","hentry"],"_links":{"self":[{"href":"https:\/\/charmor.de\/en\/wp-json\/wp\/v2\/pages\/192","targetHints":{"allow":["GET"]}}],"collection":[{"href":"https:\/\/charmor.de\/en\/wp-json\/wp\/v2\/pages"}],"about":[{"href":"https:\/\/charmor.de\/en\/wp-json\/wp\/v2\/types\/page"}],"author":[{"embeddable":true,"href":"https:\/\/charmor.de\/en\/wp-json\/wp\/v2\/users\/3"}],"replies":[{"embeddable":true,"href":"https:\/\/charmor.de\/en\/wp-json\/wp\/v2\/comments?post=192"}],"version-history":[{"count":16,"href":"https:\/\/charmor.de\/en\/wp-json\/wp\/v2\/pages\/192\/revisions"}],"predecessor-version":[{"id":1303,"href":"https:\/\/charmor.de\/en\/wp-json\/wp\/v2\/pages\/192\/revisions\/1303"}],"wp:attachment":[{"href":"https:\/\/charmor.de\/en\/wp-json\/wp\/v2\/media?parent=192"}],"curies":[{"name":"wp","href":"https:\/\/api.w.org\/{rel}","templated":true}]}}