{"id":12,"date":"2021-01-12T15:48:50","date_gmt":"2021-01-12T14:48:50","guid":{"rendered":"https:\/\/charmor.de\/?page_id=12"},"modified":"2021-03-09T15:04:40","modified_gmt":"2021-03-09T14:04:40","slug":"puro","status":"publish","type":"page","link":"https:\/\/charmor.de\/en\/puro\/","title":{"rendered":"Puro"},"content":{"rendered":"<div class=\"wp-block-cover has-cyan-bluish-gray-background-color stage-border\" style=\"background-image:url(https:\/\/charmor.de\/wp-content\/uploads\/2021\/02\/Puro1-scaled-1.jpg);min-height:700px;background-position:30% 45%;aspect-ratio:unset;\"><div class=\"wp-block-cover__inner-container is-layout-flow wp-block-cover-is-layout-flow\">\n<h1 class=\"has-text-align-right schmal wp-block-heading\" style=\"font-size:85px\"> <strong>Puro<\/strong>     <\/h1>\n<\/div><\/div>\n\n\n\n<div class=\"wp-block-group schmal is-layout-flow wp-block-group-is-layout-flow\"><div class=\"wp-block-group__inner-container\"><\/div><\/div>\n\n\n\n<div style=\"height:151px\" aria-hidden=\"true\" class=\"wp-block-spacer\"><\/div>\n\n\n\n<div class=\"wp-block-group wrapper-800\"><div class=\"wp-block-group__inner-container is-layout-flow wp-block-group-is-layout-flow\">\n<h2 class=\"has-text-align-center wp-block-heading\">Puro \u2013 cool &amp; casual<\/h2>\n\n\n\n<div style=\"height:35px\" aria-hidden=\"true\" class=\"wp-block-spacer\"><\/div>\n\n\n\n<p class=\"has-text-align-center\">Casual home and loungewear with cool designs, selected materials and the best fits - the pure cuddle experience.<\/p>\n<\/div><\/div>\n\n\n\n<div class=\"wp-block-group\"><div class=\"wp-block-group__inner-container is-layout-flow wp-block-group-is-layout-flow\">\n<div style=\"height:151px\" aria-hidden=\"true\" class=\"wp-block-spacer\"><\/div>\n\n\n\n<div class=\"wp-block-group weit\"><div class=\"wp-block-group__inner-container is-layout-flow wp-block-group-is-layout-flow\">\n<h2 class=\"wp-block-heading\">Puro Collection FW 2020\/21<\/h2>\n<\/div><\/div>\n\n\n\n<div style=\"height:70px\" aria-hidden=\"true\" class=\"wp-block-spacer\"><\/div>\n<\/div><\/div>\n\n\n\n<div id=\"schmal\" class=\"wp-block-group\"><div class=\"wp-block-group__inner-container is-layout-flow wp-block-group-is-layout-flow\">\n<figure class=\"wp-block-gallery columns-5 is-cropped wp-block-gallery-1 is-layout-flex wp-block-gallery-is-layout-flex\"><ul class=\"blocks-gallery-grid\"><li class=\"blocks-gallery-item\"><figure><img loading=\"lazy\" decoding=\"async\" width=\"683\" height=\"1024\" src=\"https:\/\/charmor.de\/wp-content\/uploads\/2021\/02\/puro_28.jpg1920-683x1024.jpg\" alt=\"\" data-id=\"115\" data-full-url=\"https:\/\/charmor.de\/wp-content\/uploads\/2021\/02\/puro_28.jpg1920.jpg\" data-link=\"https:\/\/charmor.de\/puro_28-jpg1920\/\" class=\"wp-image-115\" srcset=\"https:\/\/charmor.de\/wp-content\/uploads\/2021\/02\/puro_28.jpg1920-683x1024.jpg 683w, https:\/\/charmor.de\/wp-content\/uploads\/2021\/02\/puro_28.jpg1920-200x300.jpg 200w, https:\/\/charmor.de\/wp-content\/uploads\/2021\/02\/puro_28.jpg1920-768x1152.jpg 768w, https:\/\/charmor.de\/wp-content\/uploads\/2021\/02\/puro_28.jpg1920-1024x1536.jpg 1024w, https:\/\/charmor.de\/wp-content\/uploads\/2021\/02\/puro_28.jpg1920-8x12.jpg 8w, https:\/\/charmor.de\/wp-content\/uploads\/2021\/02\/puro_28.jpg1920-800x1200.jpg 800w, https:\/\/charmor.de\/wp-content\/uploads\/2021\/02\/puro_28.jpg1920-133x200.jpg 133w, https:\/\/charmor.de\/wp-content\/uploads\/2021\/02\/puro_28.jpg1920.jpg 1280w\" sizes=\"auto, (max-width: 683px) 100vw, 683px\" \/><\/figure><\/li><li class=\"blocks-gallery-item\"><figure><img loading=\"lazy\" decoding=\"async\" width=\"683\" height=\"1024\" src=\"https:\/\/charmor.de\/wp-content\/uploads\/2021\/02\/puro_27.jpg1920-683x1024.jpg\" alt=\"\" data-id=\"114\" data-full-url=\"https:\/\/charmor.de\/wp-content\/uploads\/2021\/02\/puro_27.jpg1920.jpg\" data-link=\"https:\/\/charmor.de\/puro_27-jpg1920\/\" class=\"wp-image-114\" srcset=\"https:\/\/charmor.de\/wp-content\/uploads\/2021\/02\/puro_27.jpg1920-683x1024.jpg 683w, https:\/\/charmor.de\/wp-content\/uploads\/2021\/02\/puro_27.jpg1920-200x300.jpg 200w, https:\/\/charmor.de\/wp-content\/uploads\/2021\/02\/puro_27.jpg1920-768x1152.jpg 768w, https:\/\/charmor.de\/wp-content\/uploads\/2021\/02\/puro_27.jpg1920-1024x1536.jpg 1024w, https:\/\/charmor.de\/wp-content\/uploads\/2021\/02\/puro_27.jpg1920-8x12.jpg 8w, https:\/\/charmor.de\/wp-content\/uploads\/2021\/02\/puro_27.jpg1920-800x1200.jpg 800w, https:\/\/charmor.de\/wp-content\/uploads\/2021\/02\/puro_27.jpg1920-133x200.jpg 133w, https:\/\/charmor.de\/wp-content\/uploads\/2021\/02\/puro_27.jpg1920.jpg 1280w\" sizes=\"auto, (max-width: 683px) 100vw, 683px\" \/><\/figure><\/li><li class=\"blocks-gallery-item\"><figure><img loading=\"lazy\" decoding=\"async\" width=\"683\" height=\"1024\" src=\"https:\/\/charmor.de\/wp-content\/uploads\/2021\/02\/puro_26.jpg1920-683x1024.jpg\" alt=\"\" data-id=\"113\" data-full-url=\"https:\/\/charmor.de\/wp-content\/uploads\/2021\/02\/puro_26.jpg1920.jpg\" data-link=\"https:\/\/charmor.de\/puro_26-jpg1920\/\" class=\"wp-image-113\" srcset=\"https:\/\/charmor.de\/wp-content\/uploads\/2021\/02\/puro_26.jpg1920-683x1024.jpg 683w, https:\/\/charmor.de\/wp-content\/uploads\/2021\/02\/puro_26.jpg1920-200x300.jpg 200w, https:\/\/charmor.de\/wp-content\/uploads\/2021\/02\/puro_26.jpg1920-768x1152.jpg 768w, https:\/\/charmor.de\/wp-content\/uploads\/2021\/02\/puro_26.jpg1920-1024x1536.jpg 1024w, https:\/\/charmor.de\/wp-content\/uploads\/2021\/02\/puro_26.jpg1920-8x12.jpg 8w, https:\/\/charmor.de\/wp-content\/uploads\/2021\/02\/puro_26.jpg1920-800x1200.jpg 800w, https:\/\/charmor.de\/wp-content\/uploads\/2021\/02\/puro_26.jpg1920-133x200.jpg 133w, https:\/\/charmor.de\/wp-content\/uploads\/2021\/02\/puro_26.jpg1920.jpg 1280w\" sizes=\"auto, (max-width: 683px) 100vw, 683px\" \/><\/figure><\/li><li class=\"blocks-gallery-item\"><figure><img loading=\"lazy\" decoding=\"async\" width=\"683\" height=\"1024\" src=\"https:\/\/charmor.de\/wp-content\/uploads\/2021\/02\/puro_25.jpg1920-683x1024.jpg\" alt=\"\" data-id=\"112\" data-full-url=\"https:\/\/charmor.de\/wp-content\/uploads\/2021\/02\/puro_25.jpg1920.jpg\" data-link=\"https:\/\/charmor.de\/puro_25-jpg1920\/\" class=\"wp-image-112\" srcset=\"https:\/\/charmor.de\/wp-content\/uploads\/2021\/02\/puro_25.jpg1920-683x1024.jpg 683w, https:\/\/charmor.de\/wp-content\/uploads\/2021\/02\/puro_25.jpg1920-200x300.jpg 200w, https:\/\/charmor.de\/wp-content\/uploads\/2021\/02\/puro_25.jpg1920-768x1152.jpg 768w, https:\/\/charmor.de\/wp-content\/uploads\/2021\/02\/puro_25.jpg1920-1024x1536.jpg 1024w, https:\/\/charmor.de\/wp-content\/uploads\/2021\/02\/puro_25.jpg1920-8x12.jpg 8w, https:\/\/charmor.de\/wp-content\/uploads\/2021\/02\/puro_25.jpg1920-800x1200.jpg 800w, https:\/\/charmor.de\/wp-content\/uploads\/2021\/02\/puro_25.jpg1920-133x200.jpg 133w, https:\/\/charmor.de\/wp-content\/uploads\/2021\/02\/puro_25.jpg1920.jpg 1280w\" sizes=\"auto, (max-width: 683px) 100vw, 683px\" \/><\/figure><\/li><li class=\"blocks-gallery-item\"><figure><img loading=\"lazy\" decoding=\"async\" width=\"683\" height=\"1024\" src=\"https:\/\/charmor.de\/wp-content\/uploads\/2021\/02\/puro_21.jpg1920-683x1024.jpg\" alt=\"\" data-id=\"111\" data-full-url=\"https:\/\/charmor.de\/wp-content\/uploads\/2021\/02\/puro_21.jpg1920.jpg\" data-link=\"https:\/\/charmor.de\/puro_21-jpg1920\/\" class=\"wp-image-111\" srcset=\"https:\/\/charmor.de\/wp-content\/uploads\/2021\/02\/puro_21.jpg1920-683x1024.jpg 683w, https:\/\/charmor.de\/wp-content\/uploads\/2021\/02\/puro_21.jpg1920-200x300.jpg 200w, https:\/\/charmor.de\/wp-content\/uploads\/2021\/02\/puro_21.jpg1920-768x1152.jpg 768w, https:\/\/charmor.de\/wp-content\/uploads\/2021\/02\/puro_21.jpg1920-1024x1536.jpg 1024w, https:\/\/charmor.de\/wp-content\/uploads\/2021\/02\/puro_21.jpg1920-8x12.jpg 8w, https:\/\/charmor.de\/wp-content\/uploads\/2021\/02\/puro_21.jpg1920-800x1200.jpg 800w, https:\/\/charmor.de\/wp-content\/uploads\/2021\/02\/puro_21.jpg1920-133x200.jpg 133w, https:\/\/charmor.de\/wp-content\/uploads\/2021\/02\/puro_21.jpg1920.jpg 1280w\" sizes=\"auto, (max-width: 683px) 100vw, 683px\" \/><\/figure><\/li><li class=\"blocks-gallery-item\"><figure><img loading=\"lazy\" decoding=\"async\" width=\"683\" height=\"1024\" src=\"https:\/\/charmor.de\/wp-content\/uploads\/2021\/02\/puro_30.jpg1920-683x1024.jpg\" alt=\"\" data-id=\"117\" data-full-url=\"https:\/\/charmor.de\/wp-content\/uploads\/2021\/02\/puro_30.jpg1920.jpg\" data-link=\"https:\/\/charmor.de\/puro_30-jpg1920-2\/\" class=\"wp-image-117\" srcset=\"https:\/\/charmor.de\/wp-content\/uploads\/2021\/02\/puro_30.jpg1920-683x1024.jpg 683w, https:\/\/charmor.de\/wp-content\/uploads\/2021\/02\/puro_30.jpg1920-200x300.jpg 200w, https:\/\/charmor.de\/wp-content\/uploads\/2021\/02\/puro_30.jpg1920-768x1152.jpg 768w, https:\/\/charmor.de\/wp-content\/uploads\/2021\/02\/puro_30.jpg1920-1024x1536.jpg 1024w, https:\/\/charmor.de\/wp-content\/uploads\/2021\/02\/puro_30.jpg1920-8x12.jpg 8w, https:\/\/charmor.de\/wp-content\/uploads\/2021\/02\/puro_30.jpg1920-800x1200.jpg 800w, https:\/\/charmor.de\/wp-content\/uploads\/2021\/02\/puro_30.jpg1920-133x200.jpg 133w, https:\/\/charmor.de\/wp-content\/uploads\/2021\/02\/puro_30.jpg1920.jpg 1280w\" sizes=\"auto, (max-width: 683px) 100vw, 683px\" \/><\/figure><\/li><li class=\"blocks-gallery-item\"><figure><img loading=\"lazy\" decoding=\"async\" width=\"683\" height=\"1024\" src=\"https:\/\/charmor.de\/wp-content\/uploads\/2021\/02\/puro_29.jpg1920-683x1024.jpg\" alt=\"\" data-id=\"116\" data-full-url=\"https:\/\/charmor.de\/wp-content\/uploads\/2021\/02\/puro_29.jpg1920.jpg\" data-link=\"https:\/\/charmor.de\/puro_29-jpg1920\/\" class=\"wp-image-116\" srcset=\"https:\/\/charmor.de\/wp-content\/uploads\/2021\/02\/puro_29.jpg1920-683x1024.jpg 683w, https:\/\/charmor.de\/wp-content\/uploads\/2021\/02\/puro_29.jpg1920-200x300.jpg 200w, https:\/\/charmor.de\/wp-content\/uploads\/2021\/02\/puro_29.jpg1920-768x1152.jpg 768w, https:\/\/charmor.de\/wp-content\/uploads\/2021\/02\/puro_29.jpg1920-1024x1536.jpg 1024w, https:\/\/charmor.de\/wp-content\/uploads\/2021\/02\/puro_29.jpg1920-8x12.jpg 8w, https:\/\/charmor.de\/wp-content\/uploads\/2021\/02\/puro_29.jpg1920-800x1200.jpg 800w, https:\/\/charmor.de\/wp-content\/uploads\/2021\/02\/puro_29.jpg1920-133x200.jpg 133w, https:\/\/charmor.de\/wp-content\/uploads\/2021\/02\/puro_29.jpg1920.jpg 1280w\" sizes=\"auto, (max-width: 683px) 100vw, 683px\" \/><\/figure><\/li><\/ul><\/figure>\n<\/div><\/div>\n\n\n\n<div style=\"height:148px\" aria-hidden=\"true\" class=\"wp-block-spacer\"><\/div>\n\n\n\n<h2 class=\"has-text-align-center wp-block-heading\">A new edition of Puro awaits you soon ...  <\/h2>\n\n\n\n<h2 class=\"has-text-align-center wp-block-heading\"> #puristic #natural<\/h2>\n\n\n\n<div style=\"height:170px\" aria-hidden=\"true\" class=\"wp-block-spacer\"><\/div>\n\n\n\n<p><\/p>","protected":false},"excerpt":{"rendered":"<p>Puro &#8211; leger &#038; l\u00e4ssig Legere Home- und Loungewear mit l\u00e4ssigen Designs, ausgew\u00e4hlten Materialien und besten Passformen \u2013 das pure Kuschelerlebnis. Puro Kollektion HW 2020\/21 Eine Neuauflage von Puro erwartet Sie schon bald&#8230; #puristic #natural<\/p>","protected":false},"author":1,"featured_media":0,"parent":0,"menu_order":0,"comment_status":"closed","ping_status":"closed","template":"","meta":{"pgc_sgb_lightbox_settings":"","footnotes":""},"class_list":["post-12","page","type-page","status-publish","hentry"],"_links":{"self":[{"href":"https:\/\/charmor.de\/en\/wp-json\/wp\/v2\/pages\/12","targetHints":{"allow":["GET"]}}],"collection":[{"href":"https:\/\/charmor.de\/en\/wp-json\/wp\/v2\/pages"}],"about":[{"href":"https:\/\/charmor.de\/en\/wp-json\/wp\/v2\/types\/page"}],"author":[{"embeddable":true,"href":"https:\/\/charmor.de\/en\/wp-json\/wp\/v2\/users\/1"}],"replies":[{"embeddable":true,"href":"https:\/\/charmor.de\/en\/wp-json\/wp\/v2\/comments?post=12"}],"version-history":[{"count":16,"href":"https:\/\/charmor.de\/en\/wp-json\/wp\/v2\/pages\/12\/revisions"}],"predecessor-version":[{"id":1250,"href":"https:\/\/charmor.de\/en\/wp-json\/wp\/v2\/pages\/12\/revisions\/1250"}],"wp:attachment":[{"href":"https:\/\/charmor.de\/en\/wp-json\/wp\/v2\/media?parent=12"}],"curies":[{"name":"wp","href":"https:\/\/api.w.org\/{rel}","templated":true}]}}